{"id":247,"date":"2022-02-27T14:51:05","date_gmt":"2022-02-27T13:51:05","guid":{"rendered":"http:\/\/madamador.fr\/?page_id=247"},"modified":"2022-11-24T13:49:47","modified_gmt":"2022-11-24T12:49:47","slug":"animations","status":"publish","type":"page","link":"https:\/\/madamador.fr\/index.php\/animations\/","title":{"rendered":"ANIMATION"},"content":{"rendered":"\n<p style=\"text-align:center\">MADAMADOR, un lieu de restauration mais aussi un lieu de f\u00eate, de joie, de convivialit\u00e9 et de partage&#8230;<\/p>\n\n\n\n<p style=\"text-align:center\">Nous vous attendons&#8230;<\/p>\n\n\n\n<p style=\"text-align:center\"><strong>mail : contact@madamador.fr<\/strong><\/p>\n\n\n\n<p style=\"text-align:center\"><strong>T\u00e9l :&nbsp;01 42 03 23 14<\/strong><br><\/p>\n","protected":false},"excerpt":{"rendered":"<p>MADAMADOR, un lieu de restauration mais aussi un lieu de f\u00eate, de joie, de convivialit\u00e9 et de partage&#8230; Nous vous attendons&#8230; mail : contact@madamador.fr T\u00e9l :&nbsp;01 42 03 23 14<\/p>\n","protected":false},"author":1,"featured_media":252,"parent":0,"menu_order":0,"comment_status":"closed","ping_status":"closed","template":"","meta":[],"_links":{"self":[{"href":"https:\/\/madamador.fr\/index.php\/wp-json\/wp\/v2\/pages\/247"}],"collection":[{"href":"https:\/\/madamador.fr\/index.php\/wp-json\/wp\/v2\/pages"}],"about":[{"href":"https:\/\/madamador.fr\/index.php\/wp-json\/wp\/v2\/types\/page"}],"author":[{"embeddable":true,"href":"https:\/\/madamador.fr\/index.php\/wp-json\/wp\/v2\/users\/1"}],"replies":[{"embeddable":true,"href":"https:\/\/madamador.fr\/index.php\/wp-json\/wp\/v2\/comments?post=247"}],"version-history":[{"count":7,"href":"https:\/\/madamador.fr\/index.php\/wp-json\/wp\/v2\/pages\/247\/revisions"}],"predecessor-version":[{"id":358,"href":"https:\/\/madamador.fr\/index.php\/wp-json\/wp\/v2\/pages\/247\/revisions\/358"}],"wp:featuredmedia":[{"embeddable":true,"href":"https:\/\/madamador.fr\/index.php\/wp-json\/wp\/v2\/media\/252"}],"wp:attachment":[{"href":"https:\/\/madamador.fr\/index.php\/wp-json\/wp\/v2\/media?parent=247"}],"curies":[{"name":"wp","href":"https:\/\/api.w.org\/{rel}","templated":true}]}}