{"id":255,"date":"2022-02-27T15:14:05","date_gmt":"2022-02-27T14:14:05","guid":{"rendered":"http:\/\/madamador.fr\/?page_id=255"},"modified":"2022-11-24T13:50:00","modified_gmt":"2022-11-24T12:50:00","slug":"evenements","status":"publish","type":"page","link":"https:\/\/madamador.fr\/index.php\/evenements\/","title":{"rendered":"EVENEMENTS"},"content":{"rendered":"\n<p style=\"text-align:center\">Chez MadamAdor, il est aussi possible de vivre des \u00e9v\u00e9nements hors du commun ou insolite&#8230; <\/p>\n\n\n\n<p style=\"text-align:center\"><strong>mail : contact@madamador.fr<\/strong><\/p>\n\n\n\n<p style=\"text-align:center\"><strong>T\u00e9l :&nbsp;01 42 03 23 14<\/strong><br><\/p>\n\n\n\n<p><\/p>\n","protected":false},"excerpt":{"rendered":"<p>Chez MadamAdor, il est aussi possible de vivre des \u00e9v\u00e9nements hors du commun ou insolite&#8230; mail : contact@madamador.fr T\u00e9l :&nbsp;01 42 03 23 14<\/p>\n","protected":false},"author":1,"featured_media":258,"parent":0,"menu_order":0,"comment_status":"closed","ping_status":"closed","template":"","meta":[],"_links":{"self":[{"href":"https:\/\/madamador.fr\/index.php\/wp-json\/wp\/v2\/pages\/255"}],"collection":[{"href":"https:\/\/madamador.fr\/index.php\/wp-json\/wp\/v2\/pages"}],"about":[{"href":"https:\/\/madamador.fr\/index.php\/wp-json\/wp\/v2\/types\/page"}],"author":[{"embeddable":true,"href":"https:\/\/madamador.fr\/index.php\/wp-json\/wp\/v2\/users\/1"}],"replies":[{"embeddable":true,"href":"https:\/\/madamador.fr\/index.php\/wp-json\/wp\/v2\/comments?post=255"}],"version-history":[{"count":6,"href":"https:\/\/madamador.fr\/index.php\/wp-json\/wp\/v2\/pages\/255\/revisions"}],"predecessor-version":[{"id":359,"href":"https:\/\/madamador.fr\/index.php\/wp-json\/wp\/v2\/pages\/255\/revisions\/359"}],"wp:featuredmedia":[{"embeddable":true,"href":"https:\/\/madamador.fr\/index.php\/wp-json\/wp\/v2\/media\/258"}],"wp:attachment":[{"href":"https:\/\/madamador.fr\/index.php\/wp-json\/wp\/v2\/media?parent=255"}],"curies":[{"name":"wp","href":"https:\/\/api.w.org\/{rel}","templated":true}]}}