{"id":283,"date":"2022-02-27T15:41:41","date_gmt":"2022-02-27T14:41:41","guid":{"rendered":"http:\/\/madamador.fr\/?page_id=283"},"modified":"2022-02-27T15:45:50","modified_gmt":"2022-02-27T14:45:50","slug":"livre-dor","status":"publish","type":"page","link":"https:\/\/madamador.fr\/index.php\/livre-dor\/","title":{"rendered":"Livre d&#8217;or"},"content":{"rendered":"\n<p><br>Restaurant super Bonne ambiance, joliement decor\u00e9, repas tr\u00e8s bon servi dans une tr\u00e8s jolie vaisselle On y retournera.. N h\u00e9sitez pas \u00e0 y aller vous ne serez pas d\u00e9\u00e7us ! Betty<\/p>\n\n\n\n<p><br>Personnel accueillant et tr\u00e8s jolie d\u00e9co. Nous avons pass\u00e9 un excellent moment , bien install\u00e9es, au calme. La cuisine est bonne et le service au point. Nous reviendrons avec plaisir. Catherine G<\/p>\n\n\n\n<p><br>Ce restaurant \u00e9tait incroyable! La soir\u00e9e sp\u00e9ciale Saint-Valentin \u00e9tait parfaite. D\u00e9corations impressionnantes, tout autant que les plats. Le service \u00e9tait rapide et agr\u00e9able. \u00c0 refaire absolument. Irandra A<\/p>\n\n\n\n<p><br>Ravie de notre d\u00e9jeuner dans ce restaurant, produits frais et surtout d&#8217;excellente qualit\u00e9, service irr\u00e9prochable et serveurs tr\u00e8s agr\u00e9ables ! Je recommande vivement ce restaurant ! J&#8217;ai d\u00e9j\u00e0 h\u00e2te de revenir Emily T<\/p>\n\n\n\n<p><br>De retour \u00e0 Madamadore, toujours au top, j\u2019adore la d\u00e9co et l\u2019ambiance cosy, service aux petits soins, et une cuisine d\u00e9licieuse. Je recommande. Kristina B<\/p>\n\n\n\n<p><br>Restaurant avec une atmosph\u00e8re chaleureuse o\u00f9 nous avons \u00e9t\u00e9 tr\u00e8s bien accueilli et le service a \u00e9t\u00e9 impeccable ! La cuisine est elle aussi sublime, on sent que c&#8217;est frais! Je recommande sans h\u00e9siter! Adeline R.<\/p>\n\n\n\n<p><\/p>\n","protected":false},"excerpt":{"rendered":"<p>Restaurant super Bonne ambiance, joliement decor\u00e9, repas tr\u00e8s bon servi dans une tr\u00e8s jolie vaisselle On y retournera.. N h\u00e9sitez pas \u00e0 y aller vous ne serez pas d\u00e9\u00e7us !&hellip;<\/p>\n","protected":false},"author":1,"featured_media":287,"parent":0,"menu_order":0,"comment_status":"closed","ping_status":"closed","template":"","meta":[],"_links":{"self":[{"href":"https:\/\/madamador.fr\/index.php\/wp-json\/wp\/v2\/pages\/283"}],"collection":[{"href":"https:\/\/madamador.fr\/index.php\/wp-json\/wp\/v2\/pages"}],"about":[{"href":"https:\/\/madamador.fr\/index.php\/wp-json\/wp\/v2\/types\/page"}],"author":[{"embeddable":true,"href":"https:\/\/madamador.fr\/index.php\/wp-json\/wp\/v2\/users\/1"}],"replies":[{"embeddable":true,"href":"https:\/\/madamador.fr\/index.php\/wp-json\/wp\/v2\/comments?post=283"}],"version-history":[{"count":4,"href":"https:\/\/madamador.fr\/index.php\/wp-json\/wp\/v2\/pages\/283\/revisions"}],"predecessor-version":[{"id":291,"href":"https:\/\/madamador.fr\/index.php\/wp-json\/wp\/v2\/pages\/283\/revisions\/291"}],"wp:featuredmedia":[{"embeddable":true,"href":"https:\/\/madamador.fr\/index.php\/wp-json\/wp\/v2\/media\/287"}],"wp:attachment":[{"href":"https:\/\/madamador.fr\/index.php\/wp-json\/wp\/v2\/media?parent=283"}],"curies":[{"name":"wp","href":"https:\/\/api.w.org\/{rel}","templated":true}]}}