{"id":59,"date":"2019-09-10T13:24:15","date_gmt":"2019-09-10T11:24:15","guid":{"rendered":"http:\/\/madamador.fr\/?page_id=59"},"modified":"2024-08-14T12:10:48","modified_gmt":"2024-08-14T10:10:48","slug":"la-maison","status":"publish","type":"page","link":"https:\/\/madamador.fr\/index.php\/la-maison\/","title":{"rendered":"LA MAISON"},"content":{"rendered":"\n<p><\/p>\n\n\n\n<p>Chez&nbsp;<strong>MADAMADOR<\/strong>, le menu change tous les jours et ce n\u2019est pas le chef qui fait la carte !<\/p>\n\n\n\n<p><br>Ici ce sont les \u00e9leveurs, les agriculteurs, les p\u00eacheurs, la saisonnalit\u00e9 et la m\u00e9t\u00e9o qui proposent pour que le chef compose du sur mesure pour vous.<\/p>\n\n\n\n<p><br>Chaque matin la cri\u00e9e et les produits frais sont livr\u00e9s par nos partenaires et fournisseurs en circuit court. <\/p>\n\n\n\n<p>La carte du jour se dessine alors lentement avec passion et amour.<\/p>\n\n\n\n<p><br>Une s\u00e9lection de vins de grands vignerons est aussi \u00e0 votre disposition&#8230;<\/p>\n\n\n\n<pre class=\"wp-block-code\"><code><\/code><\/pre>\n","protected":false},"excerpt":{"rendered":"<p>Chez&nbsp;MADAMADOR, le menu change tous les jours et ce n\u2019est pas le chef qui fait la carte ! Ici ce sont les \u00e9leveurs, les agriculteurs, les p\u00eacheurs, la saisonnalit\u00e9 et&hellip;<\/p>\n","protected":false},"author":1,"featured_media":20,"parent":0,"menu_order":0,"comment_status":"closed","ping_status":"closed","template":"","meta":[],"_links":{"self":[{"href":"https:\/\/madamador.fr\/index.php\/wp-json\/wp\/v2\/pages\/59"}],"collection":[{"href":"https:\/\/madamador.fr\/index.php\/wp-json\/wp\/v2\/pages"}],"about":[{"href":"https:\/\/madamador.fr\/index.php\/wp-json\/wp\/v2\/types\/page"}],"author":[{"embeddable":true,"href":"https:\/\/madamador.fr\/index.php\/wp-json\/wp\/v2\/users\/1"}],"replies":[{"embeddable":true,"href":"https:\/\/madamador.fr\/index.php\/wp-json\/wp\/v2\/comments?post=59"}],"version-history":[{"count":4,"href":"https:\/\/madamador.fr\/index.php\/wp-json\/wp\/v2\/pages\/59\/revisions"}],"predecessor-version":[{"id":516,"href":"https:\/\/madamador.fr\/index.php\/wp-json\/wp\/v2\/pages\/59\/revisions\/516"}],"wp:featuredmedia":[{"embeddable":true,"href":"https:\/\/madamador.fr\/index.php\/wp-json\/wp\/v2\/media\/20"}],"wp:attachment":[{"href":"https:\/\/madamador.fr\/index.php\/wp-json\/wp\/v2\/media?parent=59"}],"curies":[{"name":"wp","href":"https:\/\/api.w.org\/{rel}","templated":true}]}}