{"id":87,"date":"2019-09-10T13:41:42","date_gmt":"2019-09-10T11:41:42","guid":{"rendered":"http:\/\/madamador.fr\/?page_id=87"},"modified":"2024-08-14T12:24:55","modified_gmt":"2024-08-14T10:24:55","slug":"notre-cave","status":"publish","type":"page","link":"https:\/\/madamador.fr\/index.php\/notre-cave\/","title":{"rendered":"LA CAVE"},"content":{"rendered":"\n<p>Une d\u00e9gustation, une envie de d\u00e9couverte, un accord mets et vins, une envie de faire la f\u00eate ou une envie d&#8217;ivresse&#8230; <\/p>\n\n\n\n<p><\/p>\n\n\n\n<p>Nous avons tout ce qu&#8217;il vous faut sur place.<\/p>\n\n\n\n<p><\/p>\n\n\n\n<p>Nous travaillons avec de grands vignerons pour votre plaisir !<\/p>\n\n\n","protected":false},"excerpt":{"rendered":"<p>Une d\u00e9gustation, une envie de d\u00e9couverte, un accord mets et vins, une envie de faire la f\u00eate ou une envie d&#8217;ivresse&#8230; Nous avons tout ce qu&#8217;il vous faut sur place.&hellip;<\/p>\n","protected":false},"author":1,"featured_media":88,"parent":0,"menu_order":0,"comment_status":"closed","ping_status":"closed","template":"","meta":[],"_links":{"self":[{"href":"https:\/\/madamador.fr\/index.php\/wp-json\/wp\/v2\/pages\/87"}],"collection":[{"href":"https:\/\/madamador.fr\/index.php\/wp-json\/wp\/v2\/pages"}],"about":[{"href":"https:\/\/madamador.fr\/index.php\/wp-json\/wp\/v2\/types\/page"}],"author":[{"embeddable":true,"href":"https:\/\/madamador.fr\/index.php\/wp-json\/wp\/v2\/users\/1"}],"replies":[{"embeddable":true,"href":"https:\/\/madamador.fr\/index.php\/wp-json\/wp\/v2\/comments?post=87"}],"version-history":[{"count":10,"href":"https:\/\/madamador.fr\/index.php\/wp-json\/wp\/v2\/pages\/87\/revisions"}],"predecessor-version":[{"id":522,"href":"https:\/\/madamador.fr\/index.php\/wp-json\/wp\/v2\/pages\/87\/revisions\/522"}],"wp:featuredmedia":[{"embeddable":true,"href":"https:\/\/madamador.fr\/index.php\/wp-json\/wp\/v2\/media\/88"}],"wp:attachment":[{"href":"https:\/\/madamador.fr\/index.php\/wp-json\/wp\/v2\/media?parent=87"}],"curies":[{"name":"wp","href":"https:\/\/api.w.org\/{rel}","templated":true}]}}